{"id":6,"date":"2022-02-21T16:00:26","date_gmt":"2022-02-21T16:00:26","guid":{"rendered":"https:\/\/codificacion.krika.co\/?page_id=6"},"modified":"2023-06-29T16:14:28","modified_gmt":"2023-06-29T21:14:28","slug":"home","status":"publish","type":"page","link":"https:\/\/codificacion.krika.co\/","title":{"rendered":"Home"},"content":{"rendered":"\t\t<div data-elementor-type=\"wp-page\" data-elementor-id=\"6\" class=\"elementor elementor-6\">\n\t\t\t\t\t\t<section class=\"elementor-section elementor-top-section elementor-element elementor-element-b4343e7 elementor-section-stretched elementor-section-boxed elementor-section-height-default elementor-section-height-default\" data-id=\"b4343e7\" data-element_type=\"section\" data-settings=\"{&quot;stretch_section&quot;:&quot;section-stretched&quot;,&quot;background_background&quot;:&quot;classic&quot;}\">\n\t\t\t\t\t\t<div class=\"elementor-container elementor-column-gap-wider\">\n\t\t\t\t\t<div class=\"elementor-column elementor-col-100 elementor-top-column elementor-element elementor-element-53e87b0\" data-id=\"53e87b0\" data-element_type=\"column\">\n\t\t\t<div class=\"elementor-widget-wrap elementor-element-populated\">\n\t\t\t\t\t\t<section class=\"elementor-section elementor-inner-section elementor-element elementor-element-97ddd72 elementor-section-boxed elementor-section-height-default elementor-section-height-default elementor-invisible\" data-id=\"97ddd72\" data-element_type=\"section\" data-settings=\"{&quot;animation&quot;:&quot;fadeInDown&quot;}\">\n\t\t\t\t\t\t<div class=\"elementor-container elementor-column-gap-default\">\n\t\t\t\t\t<div class=\"elementor-column elementor-col-100 elementor-inner-column elementor-element elementor-element-a97ddb1\" data-id=\"a97ddb1\" data-element_type=\"column\">\n\t\t\t<div class=\"elementor-widget-wrap elementor-element-populated\">\n\t\t\t\t\t\t<div class=\"elementor-element elementor-element-83b0896 elementor-widget-mobile__width-initial elementor-widget elementor-widget-heading\" data-id=\"83b0896\" data-element_type=\"widget\" data-widget_type=\"heading.default\">\n\t\t\t\t<div class=\"elementor-widget-container\">\n\t\t\t\t\t<h2 class=\"elementor-heading-title elementor-size-default\">\u00danete a la revoluci\u00f3n de la  <\/br>\n<font color=\"#e31e7b\">Belleza Fucsia<\/font><\/h2>\t\t\t\t<\/div>\n\t\t\t\t<\/div>\n\t\t\t\t\t<\/div>\n\t\t<\/div>\n\t\t\t\t\t<\/div>\n\t\t<\/section>\n\t\t\t\t<section class=\"elementor-section elementor-inner-section elementor-element elementor-element-ffae527 elementor-section-boxed elementor-section-height-default elementor-section-height-default elementor-invisible\" data-id=\"ffae527\" data-element_type=\"section\" data-settings=\"{&quot;animation&quot;:&quot;slideInDown&quot;}\">\n\t\t\t\t\t\t<div class=\"elementor-container elementor-column-gap-default\">\n\t\t\t\t\t<div class=\"elementor-column elementor-col-25 elementor-inner-column elementor-element elementor-element-ca4d23e\" data-id=\"ca4d23e\" data-element_type=\"column\">\n\t\t\t<div class=\"elementor-widget-wrap elementor-element-populated\">\n\t\t\t\t\t\t<div class=\"elementor-element elementor-element-de23734 elementor-widget elementor-widget-image\" data-id=\"de23734\" data-element_type=\"widget\" data-widget_type=\"image.default\">\n\t\t\t\t<div class=\"elementor-widget-container\">\n\t\t\t\t\t\t\t\t\t\t\t\t\t\t\t<img decoding=\"async\" src=\"https:\/\/codificacion.krika.co\/wp-content\/uploads\/2022\/02\/N-04.svg\" title=\"\" alt=\"\" loading=\"lazy\" \/>\t\t\t\t\t\t\t\t\t\t\t\t\t\t\t<\/div>\n\t\t\t\t<\/div>\n\t\t\t\t<div class=\"elementor-element elementor-element-0bdd1ba elementor-widget elementor-widget-image\" data-id=\"0bdd1ba\" data-element_type=\"widget\" data-widget_type=\"image.default\">\n\t\t\t\t<div class=\"elementor-widget-container\">\n\t\t\t\t\t\t\t\t\t\t\t\t\t\t\t<img decoding=\"async\" src=\"https:\/\/codificacion.krika.co\/wp-content\/uploads\/2022\/02\/Icono-01.svg\" title=\"\" alt=\"\" loading=\"lazy\" \/>\t\t\t\t\t\t\t\t\t\t\t\t\t\t\t<\/div>\n\t\t\t\t<\/div>\n\t\t\t\t<div class=\"elementor-element elementor-element-b0ee535 elementor-widget elementor-widget-text-editor\" data-id=\"b0ee535\" data-element_type=\"widget\" data-widget_type=\"text-editor.default\">\n\t\t\t\t<div class=\"elementor-widget-container\">\n\t\t\t\t\t\t\t\t\t<h4 style=\"margin-bottom: 5px;\">Diligencia todos los campos<\/h4>\t\t\t\t\t\t\t\t<\/div>\n\t\t\t\t<\/div>\n\t\t\t\t\t<\/div>\n\t\t<\/div>\n\t\t\t\t<div class=\"elementor-column elementor-col-25 elementor-inner-column elementor-element elementor-element-cc3141d\" data-id=\"cc3141d\" data-element_type=\"column\">\n\t\t\t<div class=\"elementor-widget-wrap elementor-element-populated\">\n\t\t\t\t\t\t<div class=\"elementor-element elementor-element-61cbe39 elementor-widget elementor-widget-image\" data-id=\"61cbe39\" data-element_type=\"widget\" data-widget_type=\"image.default\">\n\t\t\t\t<div class=\"elementor-widget-container\">\n\t\t\t\t\t\t\t\t\t\t\t\t\t\t\t<img decoding=\"async\" src=\"https:\/\/codificacion.krika.co\/wp-content\/uploads\/2022\/02\/N-03.svg\" title=\"\" alt=\"\" loading=\"lazy\" \/>\t\t\t\t\t\t\t\t\t\t\t\t\t\t\t<\/div>\n\t\t\t\t<\/div>\n\t\t\t\t<div class=\"elementor-element elementor-element-b3ceca6 elementor-widget elementor-widget-image\" data-id=\"b3ceca6\" data-element_type=\"widget\" data-widget_type=\"image.default\">\n\t\t\t\t<div class=\"elementor-widget-container\">\n\t\t\t\t\t\t\t\t\t\t\t\t\t\t\t<img decoding=\"async\" src=\"https:\/\/codificacion.krika.co\/wp-content\/uploads\/2022\/02\/Icono-03.svg\" title=\"\" alt=\"\" loading=\"lazy\" \/>\t\t\t\t\t\t\t\t\t\t\t\t\t\t\t<\/div>\n\t\t\t\t<\/div>\n\t\t\t\t<div class=\"elementor-element elementor-element-f4e30ed elementor-widget elementor-widget-text-editor\" data-id=\"f4e30ed\" data-element_type=\"widget\" data-widget_type=\"text-editor.default\">\n\t\t\t\t<div class=\"elementor-widget-container\">\n\t\t\t\t\t\t\t\t\t<h4 style=\"margin-bottom: 5px;\">Adjunta la presentaci\u00f3n del portafolio<\/h4>\t\t\t\t\t\t\t\t<\/div>\n\t\t\t\t<\/div>\n\t\t\t\t\t<\/div>\n\t\t<\/div>\n\t\t\t\t<div class=\"elementor-column elementor-col-25 elementor-inner-column elementor-element elementor-element-c5d06b5\" data-id=\"c5d06b5\" data-element_type=\"column\">\n\t\t\t<div class=\"elementor-widget-wrap elementor-element-populated\">\n\t\t\t\t\t\t<div class=\"elementor-element elementor-element-4ffba8f elementor-widget elementor-widget-image\" data-id=\"4ffba8f\" data-element_type=\"widget\" data-widget_type=\"image.default\">\n\t\t\t\t<div class=\"elementor-widget-container\">\n\t\t\t\t\t\t\t\t\t\t\t\t\t\t\t<img decoding=\"async\" src=\"https:\/\/codificacion.krika.co\/wp-content\/uploads\/2022\/02\/N-02.svg\" title=\"\" alt=\"\" loading=\"lazy\" \/>\t\t\t\t\t\t\t\t\t\t\t\t\t\t\t<\/div>\n\t\t\t\t<\/div>\n\t\t\t\t<div class=\"elementor-element elementor-element-7721625 elementor-widget elementor-widget-image\" data-id=\"7721625\" data-element_type=\"widget\" data-widget_type=\"image.default\">\n\t\t\t\t<div class=\"elementor-widget-container\">\n\t\t\t\t\t\t\t\t\t\t\t\t\t\t\t<img decoding=\"async\" src=\"https:\/\/codificacion.krika.co\/wp-content\/uploads\/2022\/02\/Icono-02.svg\" title=\"\" alt=\"\" loading=\"lazy\" \/>\t\t\t\t\t\t\t\t\t\t\t\t\t\t\t<\/div>\n\t\t\t\t<\/div>\n\t\t\t\t<div class=\"elementor-element elementor-element-a45fd2c elementor-widget elementor-widget-text-editor\" data-id=\"a45fd2c\" data-element_type=\"widget\" data-widget_type=\"text-editor.default\">\n\t\t\t\t<div class=\"elementor-widget-container\">\n\t\t\t\t\t\t\t\t\t<h4 style=\"margin-bottom: 5px;\">Confirma el env\u00edo de muestras f\u00edsicas<\/h4>\t\t\t\t\t\t\t\t<\/div>\n\t\t\t\t<\/div>\n\t\t\t\t\t<\/div>\n\t\t<\/div>\n\t\t\t\t<div class=\"elementor-column elementor-col-25 elementor-inner-column elementor-element elementor-element-6d85f48\" data-id=\"6d85f48\" data-element_type=\"column\">\n\t\t\t<div class=\"elementor-widget-wrap elementor-element-populated\">\n\t\t\t\t\t\t<div class=\"elementor-element elementor-element-f1badea elementor-widget elementor-widget-image\" data-id=\"f1badea\" data-element_type=\"widget\" data-widget_type=\"image.default\">\n\t\t\t\t<div class=\"elementor-widget-container\">\n\t\t\t\t\t\t\t\t\t\t\t\t\t\t\t<img decoding=\"async\" src=\"https:\/\/codificacion.krika.co\/wp-content\/uploads\/2022\/02\/N-01.svg\" title=\"\" alt=\"\" loading=\"lazy\" \/>\t\t\t\t\t\t\t\t\t\t\t\t\t\t\t<\/div>\n\t\t\t\t<\/div>\n\t\t\t\t<div class=\"elementor-element elementor-element-1f65951 elementor-widget elementor-widget-image\" data-id=\"1f65951\" data-element_type=\"widget\" data-widget_type=\"image.default\">\n\t\t\t\t<div class=\"elementor-widget-container\">\n\t\t\t\t\t\t\t\t\t\t\t\t\t\t\t<img decoding=\"async\" src=\"https:\/\/codificacion.krika.co\/wp-content\/uploads\/2022\/02\/Icono-04.svg\" title=\"\" alt=\"\" loading=\"lazy\" \/>\t\t\t\t\t\t\t\t\t\t\t\t\t\t\t<\/div>\n\t\t\t\t<\/div>\n\t\t\t\t<div class=\"elementor-element elementor-element-cd75de9 elementor-widget elementor-widget-text-editor\" data-id=\"cd75de9\" data-element_type=\"widget\" data-widget_type=\"text-editor.default\">\n\t\t\t\t<div class=\"elementor-widget-container\">\n\t\t\t\t\t\t\t\t\t<h4 style=\"margin-bottom: 5px;\">Env\u00eda informaci\u00f3n suministrada<\/h4>\t\t\t\t\t\t\t\t<\/div>\n\t\t\t\t<\/div>\n\t\t\t\t\t<\/div>\n\t\t<\/div>\n\t\t\t\t\t<\/div>\n\t\t<\/section>\n\t\t\t\t\t<\/div>\n\t\t<\/div>\n\t\t\t\t\t<\/div>\n\t\t<\/section>\n\t\t\t\t<section class=\"elementor-section elementor-top-section elementor-element elementor-element-f7aa40f elementor-section-stretched elementor-section-boxed elementor-section-height-default elementor-section-height-default\" data-id=\"f7aa40f\" data-element_type=\"section\" data-settings=\"{&quot;stretch_section&quot;:&quot;section-stretched&quot;,&quot;background_background&quot;:&quot;classic&quot;}\">\n\t\t\t\t\t\t\t<div class=\"elementor-background-overlay\"><\/div>\n\t\t\t\t\t\t\t<div class=\"elementor-container elementor-column-gap-default\">\n\t\t\t\t\t<div class=\"elementor-column elementor-col-100 elementor-top-column elementor-element elementor-element-c01cbe0\" data-id=\"c01cbe0\" data-element_type=\"column\" data-settings=\"{&quot;background_background&quot;:&quot;classic&quot;}\">\n\t\t\t<div class=\"elementor-widget-wrap elementor-element-populated\">\n\t\t\t\t\t\t<div class=\"elementor-element elementor-element-51fecb7 elementor-widget elementor-widget-shortcode\" data-id=\"51fecb7\" data-element_type=\"widget\" data-widget_type=\"shortcode.default\">\n\t\t\t\t<div class=\"elementor-widget-container\">\n\t\t\t\t\t\t\t<div class=\"elementor-shortcode\">\n<div class=\"wpcf7 no-js\" id=\"wpcf7-f92-o1\" lang=\"en-US\" dir=\"ltr\" data-wpcf7-id=\"92\">\n<div class=\"screen-reader-response\"><p role=\"status\" aria-live=\"polite\" aria-atomic=\"true\"><\/p> <ul><\/ul><\/div>\n<form action=\"\/index.php\/wp-json\/wp\/v2\/pages\/6#wpcf7-f92-o1\" method=\"post\" class=\"wpcf7-form init\" aria-label=\"Contact form\" enctype=\"multipart\/form-data\" novalidate=\"novalidate\" data-status=\"init\">\n<div style=\"display: none;\">\n<input type=\"hidden\" name=\"_wpcf7\" value=\"92\" \/>\n<input type=\"hidden\" name=\"_wpcf7_version\" value=\"6.0.2\" \/>\n<input type=\"hidden\" name=\"_wpcf7_locale\" value=\"en_US\" \/>\n<input type=\"hidden\" name=\"_wpcf7_unit_tag\" value=\"wpcf7-f92-o1\" \/>\n<input type=\"hidden\" name=\"_wpcf7_container_post\" value=\"0\" \/>\n<input type=\"hidden\" name=\"_wpcf7_posted_data_hash\" value=\"\" \/>\n<input type=\"hidden\" name=\"_wpcf7_recaptcha_response\" value=\"\" \/>\n<\/div>\n<div class=\"uacf7-form-92 uacf7_auto_cart_92\"><div class=\"form-krika\">\n  <div class=\"column\">\n    <label for=\"marca\" style=\"color:black\">\n      1. \u00bfCu\u00e1l es el nombre de tu marca?\n    <\/label>\n    <span class=\"wpcf7-form-control-wrap\" data-name=\"marca\"><input size=\"40\" maxlength=\"400\" class=\"wpcf7-form-control wpcf7-text wpcf7-validates-as-required marca-class\" id=\"marca\" aria-required=\"true\" aria-invalid=\"false\" value=\"\" type=\"text\" name=\"marca\" \/><\/span>\n  <\/div>\n  <div class=\"column\">\n    <label for=\"nit\" style=\"color:black\">\n      2. \u00bfCu\u00e1l es tu raz\u00f3n social y n\u00famero de NIT?\n    <\/label>\n    <span class=\"wpcf7-form-control-wrap\" data-name=\"nit\"><input size=\"40\" maxlength=\"400\" class=\"wpcf7-form-control wpcf7-text wpcf7-validates-as-required nit-class\" id=\"nit\" aria-required=\"true\" aria-invalid=\"false\" value=\"\" type=\"text\" name=\"nit\" \/><\/span>\n  <\/div>\n  <div class=\"column\">\n    <label for=\"correo\" style=\"color:black\">\n      3. \u00bfCu\u00e1l es tu correo electr\u00f3nico?\n    <\/label>\n    <span class=\"wpcf7-form-control-wrap\" data-name=\"correo\"><input size=\"40\" maxlength=\"400\" class=\"wpcf7-form-control wpcf7-email wpcf7-validates-as-required wpcf7-text wpcf7-validates-as-email correo-class\" id=\"correo\" aria-required=\"true\" aria-invalid=\"false\" value=\"\" type=\"email\" name=\"correo\" \/><\/span>\n  <\/div>\n  <div class=\"column\">\n    <label for=\"canales\" style=\"color:black\">\n      4. \u00bfEn qu\u00e9 canales esta presente tu marca?\n    <\/label>\n      <span class=\"wpcf7-form-control-wrap\" data-name=\"textarea1\"><textarea cols=\"40\" rows=\"3\" maxlength=\"2000\" class=\"wpcf7-form-control wpcf7-textarea wpcf7-validates-as-required canales-class\" id=\"canales\" aria-required=\"true\" aria-invalid=\"false\" name=\"textarea1\"><\/textarea><\/span>\n  <\/div>\n  <div class=\"column\">\n    <label for=\"redes\" style=\"color:black\">\n      5. \u00bfCu\u00e1l es tu usuario en las distintas redes sociales?\n    <\/label>\n    <span class=\"wpcf7-form-control-wrap\" data-name=\"redes\"><input size=\"40\" maxlength=\"400\" class=\"wpcf7-form-control wpcf7-text wpcf7-validates-as-required redes-class\" id=\"redes\" aria-required=\"true\" aria-invalid=\"false\" value=\"\" type=\"text\" name=\"redes\" \/><\/span>\n  <\/div>\n  <div class=\"column\">\n    <label for=\"web\" style=\"color:black\">\n      6. \u00bfTienes p\u00e1gina web, cu\u00e1l?\n    <\/label>\n    <span class=\"wpcf7-form-control-wrap\" data-name=\"web\"><input size=\"40\" maxlength=\"400\" class=\"wpcf7-form-control wpcf7-text web-class\" id=\"web\" aria-invalid=\"false\" placeholder=\"\" value=\"\" type=\"text\" name=\"web\" \/><\/span>\n  <\/div>\n  <div class=\"column\" style=\"color:black\">\n    <label for=\"beneficio\">\n      7. \u00bfQu\u00e9 te cautiv\u00f3 de Krika y te llev\u00f3 a tomar la decisi\u00f3n de asociarte con nosotros para impulsar tus ventas?\n    <\/label>\n      <span class=\"wpcf7-form-control-wrap\" data-name=\"textarea2\"><textarea cols=\"40\" rows=\"4\" maxlength=\"2000\" class=\"wpcf7-form-control wpcf7-textarea wpcf7-validates-as-required beneficio-class\" id=\"beneficio\" aria-required=\"true\" aria-invalid=\"false\" name=\"textarea2\"><\/textarea><\/span>\n  <\/div>\n  <div class=\"column\" style=\"color:black\">\n    <label for=\"desc\">\n      8. \u00bfTienes descuento a pie de factura, cuanto?\n    <\/label>\n    <span class=\"wpcf7-form-control-wrap\" data-name=\"textarea3\"><textarea cols=\"40\" rows=\"2\" maxlength=\"2000\" class=\"wpcf7-form-control wpcf7-textarea wpcf7-validates-as-required desc-class\" id=\"desc\" aria-required=\"true\" aria-invalid=\"false\" name=\"textarea3\"><\/textarea><\/span>\n  <\/div>\n  <div class=\"column\">\n    <label for=\"desc-pp\" style=\"color:black\">\n      9. \u00bfTienes descuento por pronto pago, cu\u00e1l y a cuantos d\u00edas?\n    <\/label>\n    <span class=\"wpcf7-form-control-wrap\" data-name=\"textarea4\"><textarea cols=\"40\" rows=\"2\" maxlength=\"2000\" class=\"wpcf7-form-control wpcf7-textarea wpcf7-validates-as-required descpp-class\" id=\"desc-pp\" aria-required=\"true\" aria-invalid=\"false\" name=\"textarea4\"><\/textarea><\/span>\n  <\/div>\n  <div class=\"column\">\n    <label for=\"margen\" style=\"color:black\">\n      10. \u00bfManejas precio sugerido de venta, con que rentabilidad para Krika?\n    <\/label>\n    <span class=\"wpcf7-form-control-wrap\" data-name=\"textarea5\"><textarea cols=\"40\" rows=\"2\" maxlength=\"2000\" class=\"wpcf7-form-control wpcf7-textarea wpcf7-validates-as-required margen-class\" id=\"margen\" aria-required=\"true\" aria-invalid=\"false\" name=\"textarea5\"><\/textarea><\/span>\n  <\/div>\n  <div class=\"column\" style=\"color:black;\">\n    <label for=\"invima\">\n      11. \u00bfTus productos cuentan con registro Invima?\n    <\/label>\n    <span class=\"wpcf7-form-control-wrap\" data-name=\"radio-986\"><span class=\"wpcf7-form-control wpcf7-radio\" id=\"invima\"><span class=\"wpcf7-list-item first\"><label><input type=\"radio\" name=\"radio-986\" value=\"Si\" checked=\"checked\" \/><span class=\"wpcf7-list-item-label\">Si<\/span><\/label><\/span><span class=\"wpcf7-list-item last\"><label><input type=\"radio\" name=\"radio-986\" value=\"No\" \/><span class=\"wpcf7-list-item-label\">No<\/span><\/label><\/span><\/span><\/span>\n  <\/div>\n<\/div>\n<div class=\"adjunto\">\n <div class=\"column\">\n    <label style=\"color:black\">Adjunta listado de precios de costo con c\u00f3digo de barra y descripci\u00f3n en excel\n      <span class=\"wpcf7-form-control-wrap\" data-name=\"your-file\"><input size=\"40\" class=\"wpcf7-form-control wpcf7-file file-class\" id=\"file\" accept=\".xlsx,.xls\" aria-invalid=\"false\" type=\"file\" name=\"your-file\" \/><\/span>\n    <\/label>\n <\/div>\n <div class=\"column\">\n    <label style=\"color:black\">Adjunta presentaci\u00f3n del producto en pdf\n      <span class=\"wpcf7-form-control-wrap\" data-name=\"your-file1\"><input size=\"40\" class=\"wpcf7-form-control wpcf7-file file1-class\" id=\"file1\" accept=\".pdf\" aria-invalid=\"false\" type=\"file\" name=\"your-file1\" \/><\/span>\n    <\/label>\n <\/div>\n<div class=\"column\" style=\"margin-top: 15px;\"><input class=\"wpcf7-form-control wpcf7-submit has-spinner button_full_width\" type=\"submit\" value=\"Enviar\" \/><\/div>\n<\/div><\/div><div class=\"wpcf7-response-output\" aria-hidden=\"true\"><\/div>\n<\/form>\n<\/div>\n<\/div>\n\t\t\t\t\t\t<\/div>\n\t\t\t\t<\/div>\n\t\t\t\t\t<\/div>\n\t\t<\/div>\n\t\t\t\t\t<\/div>\n\t\t<\/section>\n\t\t\t\t<section class=\"elementor-section elementor-top-section elementor-element elementor-element-4637dcb elementor-section-stretched elementor-hidden-desktop elementor-hidden-tablet elementor-hidden-mobile elementor-section-boxed elementor-section-height-default elementor-section-height-default\" data-id=\"4637dcb\" data-element_type=\"section\" data-settings=\"{&quot;stretch_section&quot;:&quot;section-stretched&quot;}\">\n\t\t\t\t\t\t<div class=\"elementor-container elementor-column-gap-wider\">\n\t\t\t\t\t<div class=\"elementor-column elementor-col-100 elementor-top-column elementor-element elementor-element-075e19c\" data-id=\"075e19c\" data-element_type=\"column\">\n\t\t\t<div class=\"elementor-widget-wrap elementor-element-populated\">\n\t\t\t\t\t\t<section class=\"elementor-section elementor-inner-section elementor-element elementor-element-df25142 elementor-section-boxed elementor-section-height-default elementor-section-height-default\" data-id=\"df25142\" data-element_type=\"section\">\n\t\t\t\t\t\t<div class=\"elementor-container elementor-column-gap-default\">\n\t\t\t\t\t<div class=\"elementor-column elementor-col-50 elementor-inner-column elementor-element elementor-element-9acac17\" data-id=\"9acac17\" data-element_type=\"column\">\n\t\t\t<div class=\"elementor-widget-wrap elementor-element-populated\">\n\t\t\t\t\t\t<div class=\"elementor-element elementor-element-3af864c elementor-invisible elementor-widget elementor-widget-image\" data-id=\"3af864c\" data-element_type=\"widget\" data-settings=\"{&quot;_animation&quot;:&quot;slideInLeft&quot;}\" data-widget_type=\"image.default\">\n\t\t\t\t<div class=\"elementor-widget-container\">\n\t\t\t\t\t\t\t\t\t\t\t\t\t\t\t<img decoding=\"async\" src=\"https:\/\/codificacion.krika.co\/wp-content\/uploads\/2022\/02\/carrental3-home-pic2.webp\" class=\"attachment-large size-large wp-image-36\" alt=\"\" \/>\t\t\t\t\t\t\t\t\t\t\t\t\t\t\t<\/div>\n\t\t\t\t<\/div>\n\t\t\t\t\t<\/div>\n\t\t<\/div>\n\t\t\t\t<div class=\"elementor-column elementor-col-50 elementor-inner-column elementor-element elementor-element-acf7002 elementor-invisible\" data-id=\"acf7002\" data-element_type=\"column\" data-settings=\"{&quot;animation&quot;:&quot;slideInRight&quot;}\">\n\t\t\t<div class=\"elementor-widget-wrap elementor-element-populated\">\n\t\t\t\t\t\t<div class=\"elementor-element elementor-element-74879b8 elementor-widget elementor-widget-heading\" data-id=\"74879b8\" data-element_type=\"widget\" data-widget_type=\"heading.default\">\n\t\t\t\t<div class=\"elementor-widget-container\">\n\t\t\t\t\t<h2 class=\"elementor-heading-title elementor-size-default\"><font color=\"#e31e7b\">Krika Cosmetics<\/font><\/h2>\t\t\t\t<\/div>\n\t\t\t\t<\/div>\n\t\t\t\t<div class=\"elementor-element elementor-element-db0f068 elementor-widget elementor-widget-text-editor\" data-id=\"db0f068\" data-element_type=\"widget\" data-widget_type=\"text-editor.default\">\n\t\t\t\t<div class=\"elementor-widget-container\">\n\t\t\t\t\t\t\t\t\t<p>Exaltando la belleza de la mujer Colombiana. Encuentra aqu\u00ed informaci\u00f3n, promociones y tips de belleza<\/p>\t\t\t\t\t\t\t\t<\/div>\n\t\t\t\t<\/div>\n\t\t\t\t<div class=\"elementor-element elementor-element-02fbf00 elementor-widget__width-auto elementor-widget elementor-widget-image\" data-id=\"02fbf00\" data-element_type=\"widget\" data-widget_type=\"image.default\">\n\t\t\t\t<div class=\"elementor-widget-container\">\n\t\t\t\t\t\t\t\t\t\t\t\t\t\t\t<img decoding=\"async\" src=\"https:\/\/codificacion.krika.co\/wp-content\/uploads\/2022\/02\/carrental3-icon4.svg\" title=\"\" alt=\"\" loading=\"lazy\" \/>\t\t\t\t\t\t\t\t\t\t\t\t\t\t\t<\/div>\n\t\t\t\t<\/div>\n\t\t\t\t<div class=\"elementor-element elementor-element-62cf27a elementor-widget__width-auto elementor-widget elementor-widget-heading\" data-id=\"62cf27a\" data-element_type=\"widget\" data-widget_type=\"heading.default\">\n\t\t\t\t<div class=\"elementor-widget-container\">\n\t\t\t\t\t<h4 class=\"elementor-heading-title elementor-size-default\">Customer friendly<br>\n<span style=\"color: #1fe0b3\">company<\/span><\/h4>\t\t\t\t<\/div>\n\t\t\t\t<\/div>\n\t\t\t\t<div class=\"elementor-element elementor-element-5ae878f elementor-widget elementor-widget-button\" data-id=\"5ae878f\" data-element_type=\"widget\" data-widget_type=\"button.default\">\n\t\t\t\t<div class=\"elementor-widget-container\">\n\t\t\t\t\t\t\t\t\t<div class=\"elementor-button-wrapper\">\n\t\t\t\t\t<a class=\"elementor-button elementor-button-link elementor-size-sm\" href=\"https:\/\/codificacion.krika.co\/contact\/\">\n\t\t\t\t\t\t<span class=\"elementor-button-content-wrapper\">\n\t\t\t\t\t\t\t\t\t<span class=\"elementor-button-text\">Book a car<\/span>\n\t\t\t\t\t<\/span>\n\t\t\t\t\t<\/a>\n\t\t\t\t<\/div>\n\t\t\t\t\t\t\t\t<\/div>\n\t\t\t\t<\/div>\n\t\t\t\t\t<\/div>\n\t\t<\/div>\n\t\t\t\t\t<\/div>\n\t\t<\/section>\n\t\t\t\t\t<\/div>\n\t\t<\/div>\n\t\t\t\t\t<\/div>\n\t\t<\/section>\n\t\t\t\t<\/div>\n\t\t","protected":false},"excerpt":{"rendered":"<p>\u00danete a la revoluci\u00f3n de la Belleza Fucsia Diligencia todos los campos Adjunta la presentaci\u00f3n del portafolio Confirma el env\u00edo de muestras f\u00edsicas Env\u00eda informaci\u00f3n suministrada<span class=\"excerpt-hellip\"> [\u2026]<\/span><\/p>\n","protected":false},"author":1,"featured_media":0,"parent":0,"menu_order":0,"comment_status":"open","ping_status":"closed","template":"","meta":{"footnotes":""},"class_list":["post-6","page","type-page","status-publish","hentry"],"_links":{"self":[{"href":"https:\/\/codificacion.krika.co\/index.php\/wp-json\/wp\/v2\/pages\/6","targetHints":{"allow":["GET"]}}],"collection":[{"href":"https:\/\/codificacion.krika.co\/index.php\/wp-json\/wp\/v2\/pages"}],"about":[{"href":"https:\/\/codificacion.krika.co\/index.php\/wp-json\/wp\/v2\/types\/page"}],"author":[{"embeddable":true,"href":"https:\/\/codificacion.krika.co\/index.php\/wp-json\/wp\/v2\/users\/1"}],"replies":[{"embeddable":true,"href":"https:\/\/codificacion.krika.co\/index.php\/wp-json\/wp\/v2\/comments?post=6"}],"version-history":[{"count":211,"href":"https:\/\/codificacion.krika.co\/index.php\/wp-json\/wp\/v2\/pages\/6\/revisions"}],"predecessor-version":[{"id":584,"href":"https:\/\/codificacion.krika.co\/index.php\/wp-json\/wp\/v2\/pages\/6\/revisions\/584"}],"wp:attachment":[{"href":"https:\/\/codificacion.krika.co\/index.php\/wp-json\/wp\/v2\/media?parent=6"}],"curies":[{"name":"wp","href":"https:\/\/api.w.org\/{rel}","templated":true}]}}